{"id":229,"date":"2009-11-27T10:52:30","date_gmt":"2009-11-27T16:52:30","guid":{"rendered":"http:\/\/bionutrixcostarica.com\/blog\/?page_id=229"},"modified":"2017-04-27T13:40:22","modified_gmt":"2017-04-27T19:40:22","slug":"quienes-somos","status":"publish","type":"page","link":"https:\/\/bionutrixcostarica.com\/blog\/quienes-somos\/","title":{"rendered":"Quienes Somos"},"content":{"rendered":"<p style=\"text-align: justify;\">La compa\u00f1\u00eda <strong>Bionutrix S.A<\/strong>., naci\u00f3 con el prop\u00f3sito de satisfacer las necesidades del \u00e1mbito agropecuario, mediante la distribuci\u00f3n de productos nutricionales que incrementen la capacidad productiva de los animales y la eficiencia econ\u00f3mica de las empresas.<\/p>\n<p style=\"text-align: justify;\"><strong>Bionutrix S.A.<\/strong> es representante de Lesaffre Feed Additives, una divisi\u00f3n para las Am\u00e9ricas, del grupo franc\u00e9s <strong>Lesaffre<\/strong>, el mayor fabricante de levaduras en el mundo. El Grupo cuenta con la experiencia de casi 150 a\u00f1os en el desarrollo de biotecnolog\u00eda sobre productos a base de micro-organismos.<\/p>\n<p style=\"text-align: justify;\"><strong>Bionutrix S.A. <\/strong>tambi\u00e9n es representante de las empresas espa\u00f1olas NUTEGA y Novation 2002 de amplia experiencia en el campo de la nutrici\u00f3n animal, y fabricantes de premezclas, aditivos nutriconales y productos terminados para todas las especies animales.<\/p>\n<p style=\"text-align: justify;\"><strong>Bionutrix S.A<\/strong>. provee al mercado pecuario del istmo centroamericano, ya sean \u00e9stos productores o fabricantes de alimentos concentrados, de una amplia gama de productos como levaduras vivas, levaduras enriquecidas con minerales, levaduras inactivas (mananoligosac\u00e1ridos y fuentes proteicas de alta disponibilidad), acidificantes, precursores de glucosa, fuentes de omega-3, y promotores de crecimiento no antibi\u00f3ticos para las distintas especies animales.<\/p>\n<header class=\"entry-header\">\n<h1 class=\"entry-title page-title\">Misi\u00f3n y Visi\u00f3n<\/h1>\n<\/header>\n<div class=\"entry-content clearfix\">\n<h2>MISI\u00d3N<\/h2>\n<p style=\"text-align: justify;\">Somos una organizaci\u00f3n que naci\u00f3 con el prop\u00f3sito de brindar soluciones innovadoras a los desafios de la nutrici\u00f3n animal y con el firme deseo de acompa\u00f1ar al productor en la b\u00fasqueda de pr\u00e1cticas que contribuyan a mejorar su eficiencia productiva.<\/p>\n<p style=\"text-align: justify;\">En las relaciones con nuestros clientes promovemos que \u00e9stos sientan que estamos con ellos como sus colaboradores en el largo plazo, donde nos comprometemos a brindarles no s\u00f3lo productos de alta calidad, sino el apoyo t\u00e9cnico necesario para el mejor aprovechamiento de los mismos.<\/p>\n<h2>VISI\u00d3N<\/h2>\n<p style=\"text-align: justify;\">Ser reconocidos a nivel centroamericano como la empresa proveedora de soluciones nutricionales de mayor liderazgo, gracias al aporte de productos innovadores de alta calidad y al excelente servicio de apoyo t\u00e9cnico.<\/p>\n<\/div>\n","protected":false},"excerpt":{"rendered":"<div class=\"mh-excerpt\"><p>La compa\u00f1\u00eda Bionutrix S.A., naci\u00f3 con el prop\u00f3sito de satisfacer las necesidades del \u00e1mbito agropecuario, mediante la distribuci\u00f3n de productos nutricionales que incrementen la capacidad <a class=\"mh-excerpt-more\" href=\"https:\/\/bionutrixcostarica.com\/blog\/quienes-somos\/\" title=\"Quienes Somos\">[&#8230;]<\/a><\/p>\n<\/div>","protected":false},"author":3,"featured_media":0,"parent":0,"menu_order":10,"comment_status":"open","ping_status":"closed","template":"","meta":{"footnotes":""},"class_list":["post-229","page","type-page","status-publish","hentry"],"_links":{"self":[{"href":"https:\/\/bionutrixcostarica.com\/blog\/wp-json\/wp\/v2\/pages\/229","targetHints":{"allow":["GET"]}}],"collection":[{"href":"https:\/\/bionutrixcostarica.com\/blog\/wp-json\/wp\/v2\/pages"}],"about":[{"href":"https:\/\/bionutrixcostarica.com\/blog\/wp-json\/wp\/v2\/types\/page"}],"author":[{"embeddable":true,"href":"https:\/\/bionutrixcostarica.com\/blog\/wp-json\/wp\/v2\/users\/3"}],"replies":[{"embeddable":true,"href":"https:\/\/bionutrixcostarica.com\/blog\/wp-json\/wp\/v2\/comments?post=229"}],"version-history":[{"count":14,"href":"https:\/\/bionutrixcostarica.com\/blog\/wp-json\/wp\/v2\/pages\/229\/revisions"}],"predecessor-version":[{"id":1144,"href":"https:\/\/bionutrixcostarica.com\/blog\/wp-json\/wp\/v2\/pages\/229\/revisions\/1144"}],"wp:attachment":[{"href":"https:\/\/bionutrixcostarica.com\/blog\/wp-json\/wp\/v2\/media?parent=229"}],"curies":[{"name":"wp","href":"https:\/\/api.w.org\/{rel}","templated":true}]}}